{"id":31315,"date":"2026-02-18T14:51:24","date_gmt":"2026-02-18T14:51:24","guid":{"rendered":"https:\/\/virgilia.ch\/?page_id=31315"},"modified":"2026-02-18T14:51:25","modified_gmt":"2026-02-18T14:51:25","slug":"cookies","status":"publish","type":"page","link":"https:\/\/virgilia.ch\/de\/cookies\/","title":{"rendered":"Cookies"},"content":{"rendered":"<div class=\"wp-block-nectar-blocks-divider nectar-blocks-divider\" id=\"block-Z3hVs5lRzB\"><div class=\"nectar-blocks-divider__inner\"><div class=\"nectar__bg-layers parent-block-block-Z3hVs5lRzB\"><div class=\"nectar__bg-layer nectar__bg-color\"><\/div><\/div><span class=\"nectar-blocks-divider__line\"><\/span><\/div><\/div>\n\n\n\n<p id=\"block-w28pzANJnT\" class=\"wp-block-nectar-blocks-text nectar-blocks-text nectar-font-h1\">Cookie-Richtlinie<\/p>\n\n\n\n<p id=\"block-uPqLmVzbFS\" class=\"wp-block-nectar-blocks-text nectar-blocks-text\">Letzte Aktualisierung: 18.02.2026<\/p>\n\n\n\n<h2 id=\"block-vasVWb0yl9\" class=\"wp-block-nectar-blocks-text nectar-blocks-text nectar-font-h3\">1. Was sind Cookies<\/h2>\n\n\n\n<p id=\"block-qhvyKdJ631\" class=\"wp-block-nectar-blocks-text nectar-blocks-text\">Cookies sind kleine Textdateien, die Websites w\u00e4hrend der Navigation auf dem Ger\u00e4t des Nutzers speichern. Sie werden verwendet, damit die Website ordnungsgem\u00e4\u00df funktioniert, sich die Pr\u00e4ferenzen der Nutzer merken und statistische Daten sammeln kann. \u00c4hnliche Technologien sind Pixel, Web-Beacons, lokale Speicherung und Skripte von Dritten.<\/p>\n\n\n\n<hr class=\"wp-block-separator has-alpha-channel-opacity\"\/>\n\n\n\n<h2 id=\"block-wolkfKQIzr\" class=\"wp-block-nectar-blocks-text nectar-blocks-text nectar-font-h3\">2. Referenz-Rechtsvorschriften<\/h2>\n\n\n\n<p id=\"block-gTUym1IkWu\" class=\"wp-block-nectar-blocks-text nectar-blocks-text\">Die Verwendung von Cookies auf virgilia.ch unterliegt Art. 45c des Schweizerischen Fernmeldegesetzes (FMG), der nLPD und, wo anwendbar, der GDPR. Wir halten uns an die vom ED\u00d6B (Eidgen\u00f6ssischer Datenschutzbeauftragter) ver\u00f6ffentlichten Richtlinien vom 22. Januar 2025.<\/p>\n\n\n\n<hr class=\"wp-block-separator has-alpha-channel-opacity\"\/>\n\n\n\n<h2 id=\"block-qCKKsKF4Sc\" class=\"wp-block-nectar-blocks-text nectar-blocks-text nectar-font-h3\">3. Arten der verwendeten Cookies<\/h2>\n\n\n\n<figure class=\"wp-block-table\"><table class=\"has-fixed-layout\"><thead><tr><th class=\"has-text-align-left\" data-align=\"left\">Kategorie<\/th><th class=\"has-text-align-left\" data-align=\"left\">Beschreibung<\/th><th class=\"has-text-align-left\" data-align=\"left\">Zustimmung erforderlich<\/th><\/tr><\/thead><tbody><tr><td><strong>Technische\/essentielle Cookies<\/strong><\/td><td>Erforderlich f\u00fcr den Betrieb der Website und der Plattform (z. B. Sitzung, Authentifizierung, Spracheinstellungen)<\/td><td>Nein - standardm\u00e4\u00dfig aktiv<\/td><\/tr><tr><td><strong>Analytische Cookies (erste Partei)<\/strong><\/td><td>Sie messen Besuche und Interaktionen auf der Website in anonymer oder aggregierter Form.<\/td><td>Nein (bei Anonymisierung) \/ Ja (bei R\u00fcckverfolgung)<\/td><\/tr><tr><td><strong>Analytische Cookies (Drittanbieter)<\/strong><\/td><td>z. B. Google Analytics oder gleichwertige Tools f\u00fcr Nutzungsstatistiken<\/td><td>Ja - Zustimmung erforderlich<\/td><\/tr><tr><td><strong>Funktionale Cookies<\/strong><\/td><td>Erinnern Sie sich an Benutzerpr\u00e4ferenzen, um das Erlebnis zu verbessern<\/td><td>Berechtigte Interessen\/Zustimmung<\/td><\/tr><tr><td><strong>Marketing\/Profilierungs-Cookies<\/strong><\/td><td>Wird verwendet, um personalisierte Anzeigen zu zeigen (falls vorhanden)<\/td><td>Ja - ausdr\u00fcckliche Zustimmung erforderlich<\/td><\/tr><\/tbody><\/table><\/figure>\n\n\n\n<hr class=\"wp-block-separator has-alpha-channel-opacity\"\/>\n\n\n\n<h2 id=\"block-DBSkQrk3AD\" class=\"wp-block-nectar-blocks-text nectar-blocks-text nectar-font-h3\">4. Cookies von Dritten<\/h2>\n\n\n\n<p id=\"block-5DGqleWsSs\" class=\"wp-block-nectar-blocks-text nectar-blocks-text\">Die Website kann Ressourcen von Diensten Dritter laden, die ihre eigenen Cookies setzen k\u00f6nnen. Diese Dienste haben ihre eigenen Datenschutzrichtlinien, die von Virgilia Sagl unabh\u00e4ngig sind. Derzeit k\u00f6nnen die wichtigsten Dienste Dritter auf der Website enthalten:<\/p>\n\n\n\n<ul class=\"wp-block-list\">\n<li><strong>Anbieter von Analysen<\/strong>\u00a0(z.B. Google Analytics, falls aktiviert)<\/li>\n\n\n\n<li><strong>Werkzeuge zum Einbetten von Videos<\/strong>\u00a0(z. B. YouTube, f\u00fcr in die Website integrierte Videos)<\/li>\n\n\n\n<li><strong>Plattformen zur Verwaltung von Kontaktformularen<\/strong><\/li>\n<\/ul>\n\n\n\n<hr class=\"wp-block-separator has-alpha-channel-opacity\"\/>\n\n\n\n<h2 id=\"block-IjZBllcdIM\" class=\"wp-block-nectar-blocks-text nectar-blocks-text nectar-font-h3\">5. Zustimmungsmanagement und Opt-Out<\/h2>\n\n\n\n<p id=\"block-Uw7x640H7x\" class=\"wp-block-nectar-blocks-text nectar-blocks-text\">Nach schweizerischem Recht bed\u00fcrfen nicht-essentielle Cookies Ihrer Zustimmung oder m\u00fcssen einem klar zug\u00e4nglichen Opt-out-Mechanismus unterliegen.<\/p>\n\n\n\n<p id=\"block-nH5Vgu5FkM\" class=\"wp-block-nectar-blocks-text nectar-blocks-text\">Sie k\u00f6nnen Ihre Cookie-Einstellungen auf folgende Weise verwalten:<\/p>\n\n\n\n<ul class=\"wp-block-list\">\n<li><strong>Banner-Cookie:<\/strong>\u00a0Wenn Sie zum ersten Mal auf die Website zugreifen, wird Ihnen ein Banner zur Verwaltung Ihrer Einstellungen angezeigt. Sie k\u00f6nnen Ihre Einstellungen jederzeit \u00fcber den Link \u201cCookie Management\u201d in der Fu\u00dfzeile der Website \u00e4ndern.<\/li>\n\n\n\n<li><strong>Browser-Einstellungen:<\/strong>\u00a0k\u00f6nnen Sie Ihren Browser so konfigurieren, dass er alle Cookies ablehnt oder dass Sie benachrichtigt werden, bevor sie gespeichert werden. Nachstehend finden Sie Links zu Anleitungen f\u00fcr die wichtigsten Browser:\n<ul class=\"wp-block-list\">\n<li><a href=\"https:\/\/support.google.com\/chrome\/answer\/95647\" target=\"_blank\" rel=\"noreferrer noopener nofollow\">Chrom<\/a><\/li>\n\n\n\n<li><a href=\"https:\/\/support.mozilla.org\/it\/kb\/Attivare%20e%20disattivare%20i%20cookie\" target=\"_blank\" rel=\"noreferrer noopener nofollow\">Firefox<\/a><\/li>\n\n\n\n<li><a href=\"https:\/\/support.apple.com\/it-it\/guide\/safari\/sfri11471\/mac\" target=\"_blank\" rel=\"noreferrer noopener nofollow\">Safari<\/a><\/li>\n\n\n\n<li><a href=\"https:\/\/support.microsoft.com\/it-it\/microsoft-edge\/eliminare-i-cookie-in-microsoft-edge-63947406-40ac-c3b8-57b9-2a946a29ae09\" target=\"_blank\" rel=\"noreferrer noopener nofollow\">Kante<\/a><\/li>\n<\/ul>\n<\/li>\n\n\n\n<li><strong>Spezifische Opt-outs:<\/strong>\u00a0f\u00fcr Dienste von Drittanbietern (z. B. Google Analytics) k\u00f6nnen Sie deren spezielle Opt-out-Tools verwenden.<\/li>\n<\/ul>\n\n\n\n<p id=\"block-ApruLLSwRz\" class=\"wp-block-nectar-blocks-text nectar-blocks-text\">Durch den Widerruf der Einwilligung wird die Rechtm\u00e4\u00dfigkeit der vor dem Widerruf erfolgten Verarbeitung nicht ber\u00fchrt.<\/p>\n\n\n\n<hr class=\"wp-block-separator has-alpha-channel-opacity\"\/>\n\n\n\n<h2 id=\"block-7lwRsNvWfN\" class=\"wp-block-nectar-blocks-text nectar-blocks-text nectar-font-h3\">6. Dauer der Cookies<\/h2>\n\n\n\n<ul class=\"wp-block-list\">\n<li><strong>Sitzungs-Cookies:<\/strong>\u00a0werden automatisch gel\u00f6scht, wenn der Browser geschlossen wird.<\/li>\n\n\n\n<li><strong>Dauerhafte Cookies:<\/strong>\u00a0f\u00fcr einen bestimmten Zeitraum auf dem Ger\u00e4t verbleiben (angegeben in der detaillierten Liste der Cookies, die in der Einstellungs\u00fcbersicht verf\u00fcgbar ist), jedoch nicht l\u00e4nger als\u00a0<strong>13 Monate<\/strong>\u00a0im Einklang mit den europ\u00e4ischen Empfehlungen.<\/li>\n<\/ul>\n\n\n\n<hr class=\"wp-block-separator has-alpha-channel-opacity\"\/>\n\n\n\n<h2 id=\"block-RwPEXuy0Re\" class=\"wp-block-nectar-blocks-text nectar-blocks-text nectar-font-h3\">7. Nicht verfolgen<\/h2>\n\n\n\n<p id=\"block-fe8Vbxzq5S\" class=\"wp-block-nectar-blocks-text nectar-blocks-text\">Wir respektieren das Signal \u201cDo Not Track\u201d (DNT), das von Browsern gesendet wird, die diese Funktion unterst\u00fctzen. Wenn DNT aktiviert ist, beschr\u00e4nken wir das Tracking auf wesentliche technische Cookies.<\/p>\n\n\n\n<hr class=\"wp-block-separator has-alpha-channel-opacity\"\/>\n\n\n\n<h2 id=\"block-nxmRUqoJf4\" class=\"wp-block-nectar-blocks-text nectar-blocks-text nectar-font-h3\">8. Aktualisierungen der Cookie-Richtlinie<\/h2>\n\n\n\n<p id=\"block-vY9LEt18BB\" class=\"wp-block-nectar-blocks-text nectar-blocks-text\">Diese Cookie-Richtlinie kann aktualisiert werden, um technischen, rechtlichen oder betrieblichen \u00c4nderungen Rechnung zu tragen. Das Datum der letzten Aktualisierung ist am Anfang dieses Dokuments angegeben. Bei wesentlichen \u00c4nderungen werden die registrierten Nutzer per E-Mail benachrichtigt.<\/p>\n\n\n\n<hr class=\"wp-block-separator has-alpha-channel-opacity\"\/>\n\n\n\n<h2 id=\"block-jHP1HgzaHx\" class=\"wp-block-nectar-blocks-text nectar-blocks-text nectar-font-h3\">9. Kontakt<\/h2>\n\n\n\n<p id=\"block-PGBZDipCcL\" class=\"wp-block-nectar-blocks-text nectar-blocks-text\">Wenn Sie Fragen zur Verwendung von Cookies auf virgilia.ch haben:<\/p>\n\n\n\n<p id=\"block-yEbnK1Uurb\" class=\"wp-block-nectar-blocks-text nectar-blocks-text\">Virgilia Sagl<br>Quartiere Maghetti 20 - 6900 Lugano, Schweiz<br>Email:\u00a0info@virgilia.ch<\/p>\n\n\n\n<div class=\"wp-block-nectar-blocks-divider nectar-blocks-divider\" id=\"block-JYhBxcJXUm\"><div class=\"nectar-blocks-divider__inner\"><div class=\"nectar__bg-layers parent-block-block-JYhBxcJXUm\"><div class=\"nectar__bg-layer nectar__bg-color\"><\/div><\/div><span class=\"nectar-blocks-divider__line\"><\/span><\/div><\/div>","protected":false},"excerpt":{"rendered":"<p>Categoria Descrizione Consenso richiesto Cookie tecnici \/ essenziali Necessari per il funzionamento del sito e della piattaforma (es. sessione, autenticazione, preferenze di lingua) No \u2014 attivi per default Cookie analitici&#8230;<\/p>","protected":false},"author":1,"featured_media":0,"parent":0,"menu_order":2,"comment_status":"closed","ping_status":"closed","template":"","meta":{"_nectar_blocks_hide_post_title":false,"_nectar_blocks_transparent_header_effect":false,"_nectar_blocks_transparent_header_effect_color":"light","_nectar_blocks_header_animation":false,"_nectar_blocks_header_animation_delay":0,"_nectar_blocks_header_animation_effect":"fade","_nectar_blocks_page_css":"","_nectar_blocks_page_js":"","footnotes":""},"class_list":["post-31315","page","type-page","status-publish"],"_links":{"self":[{"href":"https:\/\/virgilia.ch\/de\/wp-json\/wp\/v2\/pages\/31315","targetHints":{"allow":["GET"]}}],"collection":[{"href":"https:\/\/virgilia.ch\/de\/wp-json\/wp\/v2\/pages"}],"about":[{"href":"https:\/\/virgilia.ch\/de\/wp-json\/wp\/v2\/types\/page"}],"author":[{"embeddable":true,"href":"https:\/\/virgilia.ch\/de\/wp-json\/wp\/v2\/users\/1"}],"replies":[{"embeddable":true,"href":"https:\/\/virgilia.ch\/de\/wp-json\/wp\/v2\/comments?post=31315"}],"version-history":[{"count":1,"href":"https:\/\/virgilia.ch\/de\/wp-json\/wp\/v2\/pages\/31315\/revisions"}],"predecessor-version":[{"id":31316,"href":"https:\/\/virgilia.ch\/de\/wp-json\/wp\/v2\/pages\/31315\/revisions\/31316"}],"wp:attachment":[{"href":"https:\/\/virgilia.ch\/de\/wp-json\/wp\/v2\/media?parent=31315"}],"curies":[{"name":"wp","href":"https:\/\/api.w.org\/{rel}","templated":true}]}}